{"id":25,"date":"2024-12-01T23:16:50","date_gmt":"2024-12-01T22:16:50","guid":{"rendered":"https:\/\/blog.baroxx.tech\/?page_id=25"},"modified":"2026-02-16T22:21:52","modified_gmt":"2026-02-16T21:21:52","slug":"datenschutzerklaerung","status":"publish","type":"page","link":"https:\/\/baroxx.tech\/en\/datenschutzerklaerung\/","title":{"rendered":"Privacy Policy"},"content":{"rendered":"\n<h2 class=\"wp-block-heading\">Wer ich bin<\/h2>\n\n\n\n<p>Seiten-Betreiber: Sebastian Erfurth<\/p>\n\n\n<style>.wp-block-kadence-advancedheading.kt-adv-heading25_6c4098-33, .wp-block-kadence-advancedheading.kt-adv-heading25_6c4098-33[data-kb-block=\"kb-adv-heading25_6c4098-33\"]{font-style:normal;}.wp-block-kadence-advancedheading.kt-adv-heading25_6c4098-33 mark.kt-highlight, .wp-block-kadence-advancedheading.kt-adv-heading25_6c4098-33[data-kb-block=\"kb-adv-heading25_6c4098-33\"] mark.kt-highlight{font-style:normal;color:#f76a0c;-webkit-box-decoration-break:clone;box-decoration-break:clone;padding-top:0px;padding-right:0px;padding-bottom:0px;padding-left:0px;}.wp-block-kadence-advancedheading.kt-adv-heading25_6c4098-33 img.kb-inline-image, .wp-block-kadence-advancedheading.kt-adv-heading25_6c4098-33[data-kb-block=\"kb-adv-heading25_6c4098-33\"] img.kb-inline-image{width:150px;vertical-align:baseline;}<\/style>\n<p class=\"kt-adv-heading25_6c4098-33 wp-block-kadence-advancedheading\" data-kb-block=\"kb-adv-heading25_6c4098-33\">Verantwortlich f\u00fcr die Datenverarbeitung ist:<\/p>\n\n\n<style>.wp-block-kadence-advancedheading.kt-adv-heading25_b84396-a1, .wp-block-kadence-advancedheading.kt-adv-heading25_b84396-a1[data-kb-block=\"kb-adv-heading25_b84396-a1\"]{font-style:normal;}.wp-block-kadence-advancedheading.kt-adv-heading25_b84396-a1 mark.kt-highlight, .wp-block-kadence-advancedheading.kt-adv-heading25_b84396-a1[data-kb-block=\"kb-adv-heading25_b84396-a1\"] mark.kt-highlight{font-style:normal;color:#f76a0c;-webkit-box-decoration-break:clone;box-decoration-break:clone;padding-top:0px;padding-right:0px;padding-bottom:0px;padding-left:0px;}.wp-block-kadence-advancedheading.kt-adv-heading25_b84396-a1 img.kb-inline-image, .wp-block-kadence-advancedheading.kt-adv-heading25_b84396-a1[data-kb-block=\"kb-adv-heading25_b84396-a1\"] img.kb-inline-image{width:150px;vertical-align:baseline;}<\/style>\n<p class=\"kt-adv-heading25_b84396-a1 wp-block-kadence-advancedheading\" data-kb-block=\"kb-adv-heading25_b84396-a1\">Sebastian Erfurth<br>c\/o Impressumservice Dein-Impressum<br>Stettiner Stra\u00dfe 41, 35410 Hungen<br>Deutschland<br>E-Mail: privacy@baroxx.tech<\/p>\n\n\n\n<p>Die Adresse unserer Website ist: https:\/\/baroxx.tech.<\/p>\n\n\n\n<h2 class=\"wp-block-heading\">Kommentare<\/h2>\n\n\n\n<p>Wenn Besucher Kommentare auf der Website schreiben, sammel ich die Daten, die im Kommentar-Formular angezeigt werden und den User-Agent-String (damit wird der Browser identifiziert), um die Erkennung von Spam zu unterst\u00fctzen.<\/p>\n\n\n\n<p>Aus deiner E-Mail-Adresse kann eine anonymisierte Zeichenfolge erstellt (auch Hash genannt) und dem Gravatar-Dienst \u00fcbergeben werden, um zu pr\u00fcfen, ob du diesen benutzt. Die Datenschutzerkl\u00e4rung des Gravatar-Dienstes findest du hier: https:\/\/automattic.com\/privacy\/. Nachdem dein Kommentar freigegeben wurde, ist dein Profilbild \u00f6ffentlich im Kontext deines Kommentars sichtbar.<\/p>\n\n\n<style>.wp-block-kadence-advancedheading.kt-adv-heading25_a92169-f6, .wp-block-kadence-advancedheading.kt-adv-heading25_a92169-f6[data-kb-block=\"kb-adv-heading25_a92169-f6\"]{font-style:normal;}.wp-block-kadence-advancedheading.kt-adv-heading25_a92169-f6 mark.kt-highlight, .wp-block-kadence-advancedheading.kt-adv-heading25_a92169-f6[data-kb-block=\"kb-adv-heading25_a92169-f6\"] mark.kt-highlight{font-style:normal;color:#f76a0c;-webkit-box-decoration-break:clone;box-decoration-break:clone;padding-top:0px;padding-right:0px;padding-bottom:0px;padding-left:0px;}.wp-block-kadence-advancedheading.kt-adv-heading25_a92169-f6 img.kb-inline-image, .wp-block-kadence-advancedheading.kt-adv-heading25_a92169-f6[data-kb-block=\"kb-adv-heading25_a92169-f6\"] img.kb-inline-image{width:150px;vertical-align:baseline;}<\/style>\n<h2 class=\"kt-adv-heading25_a92169-f6 wp-block-kadence-advancedheading\" data-kb-block=\"kb-adv-heading25_a92169-f6\">Newsletter<\/h2>\n\n\n<style>.wp-block-kadence-advancedheading.kt-adv-heading25_ba5ba7-c5, .wp-block-kadence-advancedheading.kt-adv-heading25_ba5ba7-c5[data-kb-block=\"kb-adv-heading25_ba5ba7-c5\"]{font-style:normal;}.wp-block-kadence-advancedheading.kt-adv-heading25_ba5ba7-c5 mark.kt-highlight, .wp-block-kadence-advancedheading.kt-adv-heading25_ba5ba7-c5[data-kb-block=\"kb-adv-heading25_ba5ba7-c5\"] mark.kt-highlight{font-style:normal;color:#f76a0c;-webkit-box-decoration-break:clone;box-decoration-break:clone;padding-top:0px;padding-right:0px;padding-bottom:0px;padding-left:0px;}.wp-block-kadence-advancedheading.kt-adv-heading25_ba5ba7-c5 img.kb-inline-image, .wp-block-kadence-advancedheading.kt-adv-heading25_ba5ba7-c5[data-kb-block=\"kb-adv-heading25_ba5ba7-c5\"] img.kb-inline-image{width:150px;vertical-align:baseline;}<\/style>\n<p class=\"kt-adv-heading25_ba5ba7-c5 wp-block-kadence-advancedheading\" data-kb-block=\"kb-adv-heading25_ba5ba7-c5\">Wenn du dich f\u00fcr meinen Newsletter anmeldest, verarbeite ich deine E\u2011Mail\u2011Adresse ausschlie\u00dflich, um dich \u00fcber Neuigkeiten zu meinen Spielen, gr\u00f6\u00dfere Updates, kommende Ver\u00f6ffentlichungen und zuk\u00fcnftige Projekte zu informieren. Die Verarbeitung erfolgt auf Grundlage deiner Einwilligung gem\u00e4\u00df Art.\u202f6 Abs.\u202f1 lit.\u202fa DSGVO.<\/p>\n\n\n<style>.wp-block-kadence-advancedheading.kt-adv-heading25_a01153-7c, .wp-block-kadence-advancedheading.kt-adv-heading25_a01153-7c[data-kb-block=\"kb-adv-heading25_a01153-7c\"]{font-style:normal;}.wp-block-kadence-advancedheading.kt-adv-heading25_a01153-7c mark.kt-highlight, .wp-block-kadence-advancedheading.kt-adv-heading25_a01153-7c[data-kb-block=\"kb-adv-heading25_a01153-7c\"] mark.kt-highlight{font-style:normal;color:#f76a0c;-webkit-box-decoration-break:clone;box-decoration-break:clone;padding-top:0px;padding-right:0px;padding-bottom:0px;padding-left:0px;}.wp-block-kadence-advancedheading.kt-adv-heading25_a01153-7c img.kb-inline-image, .wp-block-kadence-advancedheading.kt-adv-heading25_a01153-7c[data-kb-block=\"kb-adv-heading25_a01153-7c\"] img.kb-inline-image{width:150px;vertical-align:baseline;}<\/style>\n<p class=\"kt-adv-heading25_a01153-7c wp-block-kadence-advancedheading\" data-kb-block=\"kb-adv-heading25_a01153-7c\">F\u00fcr den Versand nutze ich den Dienst <strong>Brevo (ehemals Sendinblue)<\/strong>. Anbieter ist die <strong>Brevo GmbH, K\u00f6penicker Stra\u00dfe 126, 10179 Berlin, Deutschland<\/strong>. Die von dir angegebene E\u2011Mail\u2011Adresse wird an Brevo \u00fcbertragen und dort gespeichert, um den Versand des Newsletters zu erm\u00f6glichen. Brevo verarbeitet die Daten in meinem Auftrag und entsprechend den Vorgaben der DSGVO. Du kannst deine Einwilligung jederzeit mit Wirkung f\u00fcr die Zukunft widerrufen. Indem du das Anmelde-Formular absendest, erkl\u00e4rst du dich einverstanden, dass die von dir angegebenen pers\u00f6nlichen Informationen an Brevo zur Bearbeitung \u00fcbertragen werden gem\u00e4\u00df den <a href=\"https:\/\/www.brevo.com\/de\/legal\/privacypolicy\/\" target=\"_blank\" rel=\"noreferrer noopener nofollow\">Datenschutzrichtlinien von Brevo.<\/a><\/p>\n\n\n<style>.wp-block-kadence-advancedheading.kt-adv-heading25_5c7009-07, .wp-block-kadence-advancedheading.kt-adv-heading25_5c7009-07[data-kb-block=\"kb-adv-heading25_5c7009-07\"]{font-style:normal;}.wp-block-kadence-advancedheading.kt-adv-heading25_5c7009-07 mark.kt-highlight, .wp-block-kadence-advancedheading.kt-adv-heading25_5c7009-07[data-kb-block=\"kb-adv-heading25_5c7009-07\"] mark.kt-highlight{font-style:normal;color:#f76a0c;-webkit-box-decoration-break:clone;box-decoration-break:clone;padding-top:0px;padding-right:0px;padding-bottom:0px;padding-left:0px;}.wp-block-kadence-advancedheading.kt-adv-heading25_5c7009-07 img.kb-inline-image, .wp-block-kadence-advancedheading.kt-adv-heading25_5c7009-07[data-kb-block=\"kb-adv-heading25_5c7009-07\"] img.kb-inline-image{width:150px;vertical-align:baseline;}<\/style>\n<p class=\"kt-adv-heading25_5c7009-07 wp-block-kadence-advancedheading\" data-kb-block=\"kb-adv-heading25_5c7009-07\">Weitere personenbezogene Daten werden im Rahmen des Newsletters nicht erhoben. Die Daten werden gel\u00f6scht, sobald du dich vom Newsletter abmeldest oder deine Einwilligung widerrufst.<\/p>\n\n\n\n<h2 class=\"wp-block-heading\">Medien<\/h2>\n\n\n\n<p>Wenn du ein registrierter Benutzer bist und Fotos auf diese Website l\u00e4dst, solltest du vermeiden, Fotos mit einem EXIF-GPS-Standort hochzuladen. Besucher dieser Website k\u00f6nnten Fotos, die auf dieser Website gespeichert sind, herunterladen und deren Standort-Informationen extrahieren.<\/p>\n\n\n\n<h2 class=\"wp-block-heading\">Cookies<\/h2>\n\n\n\n<p>Wenn du einen Kommentar auf unserer Website schreibst, kann das eine Einwilligung sein, deinen Namen, E-Mail-Adresse und Website in Cookies zu speichern. Dies ist eine Komfortfunktion, damit du nicht, wenn du einen weiteren Kommentar schreibst, all diese Daten erneut eingeben musst. Diese Cookies werden ein Jahr lang gespeichert.<\/p>\n\n\n\n<p>Falls du ein Konto hast und dich auf dieser Website anmeldest, werde ich ein tempor\u00e4res Cookie setzen, um festzustellen, ob dein Browser Cookies akzeptiert. Dieses Cookie enth\u00e4lt keine personenbezogenen Daten und wird verworfen, wenn du deinen Browser schlie\u00dft.<\/p>\n\n\n\n<p>Wenn du dich anmeldest, werde ich einige Cookies einrichten, um deine Anmeldeinformationen und Anzeigeoptionen zu speichern. Anmelde-Cookies verfallen nach zwei Tagen und Cookies f\u00fcr die Anzeigeoptionen nach einem Jahr. Falls du bei der Anmeldung \u201eAngemeldet bleiben\u201c ausw\u00e4hlst, wird deine Anmeldung zwei Wochen lang aufrechterhalten. Mit der Abmeldung aus deinem Konto werden die Anmelde-Cookies gel\u00f6scht.<\/p>\n\n\n\n<p>Wenn du einen Artikel bearbeitest oder ver\u00f6ffentlichst, wird ein zus\u00e4tzlicher Cookie in deinem Browser gespeichert. Dieser Cookie enth\u00e4lt keine personenbezogenen Daten und verweist nur auf die Beitrags-ID des Artikels, den du gerade bearbeitet hast. Der Cookie verf\u00e4llt nach einem Tag.<\/p>\n\n\n\n<h2 class=\"wp-block-heading\">Eingebettete Inhalte von anderen Websites<\/h2>\n\n\n\n<p>Beitr\u00e4ge auf dieser Website k\u00f6nnen eingebettete Inhalte beinhalten (z.&nbsp;B. Videos, Bilder, Beitr\u00e4ge etc.). Eingebettete Inhalte von anderen Websites verhalten sich exakt so, als ob der Besucher die andere Website besucht h\u00e4tte.<\/p>\n\n\n\n<p>Diese Websites k\u00f6nnen Daten \u00fcber dich sammeln, Cookies benutzen, zus\u00e4tzliche Tracking-Dienste von Dritten einbetten und deine Interaktion mit dem eingebetteten Inhalt aufzeichnen, inklusive deiner Interaktion mit dem eingebetteten Inhalt, falls du ein Konto hast und auf dieser Website angemeldet bist.<\/p>\n\n\n<style>.wp-block-kadence-advancedheading.kt-adv-heading25_7f301b-c1, .wp-block-kadence-advancedheading.kt-adv-heading25_7f301b-c1[data-kb-block=\"kb-adv-heading25_7f301b-c1\"]{font-style:normal;}.wp-block-kadence-advancedheading.kt-adv-heading25_7f301b-c1 mark.kt-highlight, .wp-block-kadence-advancedheading.kt-adv-heading25_7f301b-c1[data-kb-block=\"kb-adv-heading25_7f301b-c1\"] mark.kt-highlight{font-style:normal;color:#f76a0c;-webkit-box-decoration-break:clone;box-decoration-break:clone;padding-top:0px;padding-right:0px;padding-bottom:0px;padding-left:0px;}.wp-block-kadence-advancedheading.kt-adv-heading25_7f301b-c1 img.kb-inline-image, .wp-block-kadence-advancedheading.kt-adv-heading25_7f301b-c1[data-kb-block=\"kb-adv-heading25_7f301b-c1\"] img.kb-inline-image{width:150px;vertical-align:baseline;}<\/style>\n<h2 class=\"kt-adv-heading25_7f301b-c1 wp-block-kadence-advancedheading\" data-kb-block=\"kb-adv-heading25_7f301b-c1\">Complianz<\/h2>\n\n\n<style>.wp-block-kadence-advancedheading.kt-adv-heading25_b79a23-c7, .wp-block-kadence-advancedheading.kt-adv-heading25_b79a23-c7[data-kb-block=\"kb-adv-heading25_b79a23-c7\"]{font-style:normal;}.wp-block-kadence-advancedheading.kt-adv-heading25_b79a23-c7 mark.kt-highlight, .wp-block-kadence-advancedheading.kt-adv-heading25_b79a23-c7[data-kb-block=\"kb-adv-heading25_b79a23-c7\"] mark.kt-highlight{font-style:normal;color:#f76a0c;-webkit-box-decoration-break:clone;box-decoration-break:clone;padding-top:0px;padding-right:0px;padding-bottom:0px;padding-left:0px;}.wp-block-kadence-advancedheading.kt-adv-heading25_b79a23-c7 img.kb-inline-image, .wp-block-kadence-advancedheading.kt-adv-heading25_b79a23-c7[data-kb-block=\"kb-adv-heading25_b79a23-c7\"] img.kb-inline-image{width:150px;vertical-align:baseline;}<\/style>\n<p class=\"kt-adv-heading25_b79a23-c7 wp-block-kadence-advancedheading\" data-kb-block=\"kb-adv-heading25_b79a23-c7\">Diese Website verwendet die Privacy Suite f\u00fcr WordPress von Complianz, um browser- und ger\u00e4tebasierte Einwilligungen zu sammeln und aufzuzeichnen. F\u00fcr diese Funktion wird deine IP-Adresse anonymisiert und in unserer Datenbank gespeichert. Dieser Dienst verarbeitet keine pers\u00f6nlich identifizierbaren Informationen und gibt keine Daten an den Dienstanbieter weiter. Weitere Informationen findest du in der Complianz Datenschutzerkl\u00e4rung.<\/p>\n\n\n<style>.wp-block-kadence-advancedheading.kt-adv-heading25_e989a7-87, .wp-block-kadence-advancedheading.kt-adv-heading25_e989a7-87[data-kb-block=\"kb-adv-heading25_e989a7-87\"]{font-style:normal;}.wp-block-kadence-advancedheading.kt-adv-heading25_e989a7-87 mark.kt-highlight, .wp-block-kadence-advancedheading.kt-adv-heading25_e989a7-87[data-kb-block=\"kb-adv-heading25_e989a7-87\"] mark.kt-highlight{font-style:normal;color:#f76a0c;-webkit-box-decoration-break:clone;box-decoration-break:clone;padding-top:0px;padding-right:0px;padding-bottom:0px;padding-left:0px;}.wp-block-kadence-advancedheading.kt-adv-heading25_e989a7-87 img.kb-inline-image, .wp-block-kadence-advancedheading.kt-adv-heading25_e989a7-87[data-kb-block=\"kb-adv-heading25_e989a7-87\"] img.kb-inline-image{width:150px;vertical-align:baseline;}<\/style>\n<h2 class=\"kt-adv-heading25_e989a7-87 wp-block-kadence-advancedheading\" data-kb-block=\"kb-adv-heading25_e989a7-87\">Kontaktformulare und Feedback<\/h2>\n\n\n<style>.wp-block-kadence-advancedheading.kt-adv-heading25_f7d87e-a7, .wp-block-kadence-advancedheading.kt-adv-heading25_f7d87e-a7[data-kb-block=\"kb-adv-heading25_f7d87e-a7\"]{font-style:normal;}.wp-block-kadence-advancedheading.kt-adv-heading25_f7d87e-a7 mark.kt-highlight, .wp-block-kadence-advancedheading.kt-adv-heading25_f7d87e-a7[data-kb-block=\"kb-adv-heading25_f7d87e-a7\"] mark.kt-highlight{font-style:normal;color:#f76a0c;-webkit-box-decoration-break:clone;box-decoration-break:clone;padding-top:0px;padding-right:0px;padding-bottom:0px;padding-left:0px;}.wp-block-kadence-advancedheading.kt-adv-heading25_f7d87e-a7 img.kb-inline-image, .wp-block-kadence-advancedheading.kt-adv-heading25_f7d87e-a7[data-kb-block=\"kb-adv-heading25_f7d87e-a7\"] img.kb-inline-image{width:150px;vertical-align:baseline;}<\/style>\n<p class=\"kt-adv-heading25_f7d87e-a7 wp-block-kadence-advancedheading\" data-kb-block=\"kb-adv-heading25_f7d87e-a7\">Wenn du mir per Formular oder E-Mail Feedback gibst (Kategorie, Nachricht, ggf. E-Mail-Adresse), verarbeite ich diese Daten ausschlie\u00dflich zur Bearbeitung deines Anliegens. Die Verarbeitung erfolgt auf Grundlage deiner Einwilligung (Art. 6 Abs. 1 lit. a DSGVO). Die Daten werden nicht auf dem Webserver gespeichert, sondern direkt als E-Mail \u00fcbermittelt. Eine Weitergabe an Dritte erfolgt nicht. Deine Angaben werden gel\u00f6scht, sobald sie f\u00fcr die Bearbeitung nicht mehr erforderlich sind.<\/p>\n\n\n<style>.wp-block-kadence-advancedheading.kt-adv-heading25_e83c61-c2, .wp-block-kadence-advancedheading.kt-adv-heading25_e83c61-c2[data-kb-block=\"kb-adv-heading25_e83c61-c2\"]{font-style:normal;}.wp-block-kadence-advancedheading.kt-adv-heading25_e83c61-c2 mark.kt-highlight, .wp-block-kadence-advancedheading.kt-adv-heading25_e83c61-c2[data-kb-block=\"kb-adv-heading25_e83c61-c2\"] mark.kt-highlight{font-style:normal;color:#f76a0c;-webkit-box-decoration-break:clone;box-decoration-break:clone;padding-top:0px;padding-right:0px;padding-bottom:0px;padding-left:0px;}.wp-block-kadence-advancedheading.kt-adv-heading25_e83c61-c2 img.kb-inline-image, .wp-block-kadence-advancedheading.kt-adv-heading25_e83c61-c2[data-kb-block=\"kb-adv-heading25_e83c61-c2\"] img.kb-inline-image{width:150px;vertical-align:baseline;}<\/style>\n<p class=\"kt-adv-heading25_e83c61-c2 wp-block-kadence-advancedheading\" data-kb-block=\"kb-adv-heading25_e83c61-c2\">Ich nutze gelegentlich Microsoft Forms f\u00fcr Umfragen (z.\u202fB. zu Spielen, Streams oder YouTube-Inhalten). Microsoft Forms erf\u00fcllt die Anforderungen der DSGVO (seit Mai 2018) und speichert Daten verschl\u00fcsselt \u2013 insbesondere f\u00fcr Nutzer aus der EU werden Daten auf EU-Servern verarbeitet. Wenn du Teilnimmst, k\u00f6nnen deine Antworten, Daten zur Dauer und dem Zeitpunkt der Teilnahme an Microsoft \u00fcbertragen werden. Weitere Informationen findest du in der Datenschutzerkl\u00e4rung von Microsoft Forms.<\/p>\n\n\n\n<h2 class=\"wp-block-heading\">Mit wem ich deine Daten teile<\/h2>\n\n\n\n<p>Wenn du eine Zur\u00fccksetzung des Passworts beantragst, wird deine IP-Adresse in der E-Mail zur Zur\u00fccksetzung enthalten sein.<\/p>\n\n\n\n<h2 class=\"wp-block-heading\">Wie lange ich deine Daten speicher<\/h2>\n\n\n\n<p>Wenn du einen Kommentar schreibst, wird dieser inklusive Metadaten zeitlich unbegrenzt gespeichert. Auf diese Art kann ich Folgekommentare automatisch erkennen und freigeben, anstatt sie in einer Moderations-Warteschlange festzuhalten.<\/p>\n\n\n\n<p>F\u00fcr Benutzer, die sich auf unserer Website registrieren, speicher ich zus\u00e4tzlich die pers\u00f6nlichen Informationen, die sie in ihren Benutzerprofilen angeben. Alle Benutzer k\u00f6nnen jederzeit ihre pers\u00f6nlichen Informationen einsehen, ver\u00e4ndern oder l\u00f6schen (der Benutzername kann nicht ver\u00e4ndert werden). Administratoren der Website k\u00f6nnen diese Informationen ebenfalls einsehen und ver\u00e4ndern.<\/p>\n\n\n\n<h2 class=\"wp-block-heading\">Welche Rechte du an deinen Daten hast<\/h2>\n\n\n\n<p>Wenn du ein Konto auf dieser Website besitzt oder Kommentare geschrieben hast, kannst du einen Export deiner personenbezogenen Daten bei uns anfordern, inklusive aller Daten, die du uns mitgeteilt hast. Dar\u00fcber hinaus kannst du die L\u00f6schung aller personenbezogenen Daten, die ich von dir gespeichert haben, anfordern. Dies umfasst nicht die Daten, die ich aufgrund administrativer, rechtlicher oder sicherheitsrelevanter Notwendigkeiten aufbewahren m\u00fcssen.<\/p>\n\n\n\n<h2 class=\"wp-block-heading\">Wohin deine Daten gesendet werden<\/h2>\n\n\n\n<p>Besucher-Kommentare k\u00f6nnten von einem automatisierten Dienst zur Spam-Erkennung untersucht werden.<\/p>\n\n\n<style>.wp-block-kadence-advancedheading.kt-adv-heading25_524ebb-b4, .wp-block-kadence-advancedheading.kt-adv-heading25_524ebb-b4[data-kb-block=\"kb-adv-heading25_524ebb-b4\"]{font-style:normal;}.wp-block-kadence-advancedheading.kt-adv-heading25_524ebb-b4 mark.kt-highlight, .wp-block-kadence-advancedheading.kt-adv-heading25_524ebb-b4[data-kb-block=\"kb-adv-heading25_524ebb-b4\"] mark.kt-highlight{font-style:normal;color:#f76a0c;-webkit-box-decoration-break:clone;box-decoration-break:clone;padding-top:0px;padding-right:0px;padding-bottom:0px;padding-left:0px;}.wp-block-kadence-advancedheading.kt-adv-heading25_524ebb-b4 img.kb-inline-image, .wp-block-kadence-advancedheading.kt-adv-heading25_524ebb-b4[data-kb-block=\"kb-adv-heading25_524ebb-b4\"] img.kb-inline-image{width:150px;vertical-align:baseline;}<\/style>\n<p class=\"kt-adv-heading25_524ebb-b4 wp-block-kadence-advancedheading\" data-kb-block=\"kb-adv-heading25_524ebb-b4\">Du kannst jederzeit Auskunft \u00fcber deine gespeicherten Daten erhalten, deren Berichtigung oder L\u00f6schung verlangen sowie deine Einwilligung widerrufen. Schicke daf\u00fcr einfach eine Nachricht an: privacy@baroxx.tech<\/p>\n","protected":false},"excerpt":{"rendered":"<p>Wer ich bin Seiten-Betreiber: Sebastian Erfurth Verantwortlich f\u00fcr die Datenverarbeitung ist: Sebastian Erfurthc\/o Impressumservice Dein-ImpressumStettiner Stra\u00dfe 41, 35410 HungenDeutschlandE-Mail: privacy@baroxx.tech [&hellip;]<\/p>\n","protected":false},"author":1,"featured_media":0,"parent":0,"menu_order":0,"comment_status":"closed","ping_status":"closed","template":"","meta":{"site-sidebar-layout":"default","site-content-layout":"","ast-site-content-layout":"","site-content-style":"default","site-sidebar-style":"default","ast-global-header-display":"","ast-banner-title-visibility":"","ast-main-header-display":"","ast-hfb-above-header-display":"","ast-hfb-below-header-display":"","ast-hfb-mobile-header-display":"","site-post-title":"","ast-breadcrumbs-content":"","ast-featured-img":"","footer-sml-layout":"","ast-disable-related-posts":"","theme-transparent-header-meta":"","adv-header-id-meta":"","stick-header-meta":"","header-above-stick-meta":"","header-main-stick-meta":"","header-below-stick-meta":"","astra-migrate-meta-layouts":"default","ast-page-background-enabled":"default","ast-page-background-meta":{"desktop":{"background-color":"var(--ast-global-color-4)","background-image":"","background-repeat":"repeat","background-position":"center center","background-size":"auto","background-attachment":"scroll","background-type":"","background-media":"","overlay-type":"","overlay-color":"","overlay-opacity":"","overlay-gradient":""},"tablet":{"background-color":"","background-image":"","background-repeat":"repeat","background-position":"center center","background-size":"auto","background-attachment":"scroll","background-type":"","background-media":"","overlay-type":"","overlay-color":"","overlay-opacity":"","overlay-gradient":""},"mobile":{"background-color":"","background-image":"","background-repeat":"repeat","background-position":"center center","background-size":"auto","background-attachment":"scroll","background-type":"","background-media":"","overlay-type":"","overlay-color":"","overlay-opacity":"","overlay-gradient":""}},"ast-content-background-meta":{"desktop":{"background-color":"var(--ast-global-color-5)","background-image":"","background-repeat":"repeat","background-position":"center center","background-size":"auto","background-attachment":"scroll","background-type":"","background-media":"","overlay-type":"","overlay-color":"","overlay-opacity":"","overlay-gradient":""},"tablet":{"background-color":"var(--ast-global-color-5)","background-image":"","background-repeat":"repeat","background-position":"center center","background-size":"auto","background-attachment":"scroll","background-type":"","background-media":"","overlay-type":"","overlay-color":"","overlay-opacity":"","overlay-gradient":""},"mobile":{"background-color":"var(--ast-global-color-5)","background-image":"","background-repeat":"repeat","background-position":"center center","background-size":"auto","background-attachment":"scroll","background-type":"","background-media":"","overlay-type":"","overlay-color":"","overlay-opacity":"","overlay-gradient":""}},"footnotes":""},"class_list":["post-25","page","type-page","status-publish","hentry"],"_links":{"self":[{"href":"https:\/\/baroxx.tech\/en\/wp-json\/wp\/v2\/pages\/25","targetHints":{"allow":["GET"]}}],"collection":[{"href":"https:\/\/baroxx.tech\/en\/wp-json\/wp\/v2\/pages"}],"about":[{"href":"https:\/\/baroxx.tech\/en\/wp-json\/wp\/v2\/types\/page"}],"author":[{"embeddable":true,"href":"https:\/\/baroxx.tech\/en\/wp-json\/wp\/v2\/users\/1"}],"replies":[{"embeddable":true,"href":"https:\/\/baroxx.tech\/en\/wp-json\/wp\/v2\/comments?post=25"}],"version-history":[{"count":6,"href":"https:\/\/baroxx.tech\/en\/wp-json\/wp\/v2\/pages\/25\/revisions"}],"predecessor-version":[{"id":1289,"href":"https:\/\/baroxx.tech\/en\/wp-json\/wp\/v2\/pages\/25\/revisions\/1289"}],"wp:attachment":[{"href":"https:\/\/baroxx.tech\/en\/wp-json\/wp\/v2\/media?parent=25"}],"curies":[{"name":"wp","href":"https:\/\/api.w.org\/{rel}","templated":true}]}}